{"id":56,"date":"2014-04-25T15:41:32","date_gmt":"2014-04-25T14:41:32","guid":{"rendered":"http:\/\/kiddies.lu\/?page_id=56"},"modified":"2026-03-25T20:04:20","modified_gmt":"2026-03-25T18:04:20","slug":"presentation","status":"publish","type":"page","link":"https:\/\/kiddies.lu\/fr\/betzdorf\/presentation\/","title":{"rendered":"Sur nous"},"content":{"rendered":"<p><iframe loading=\"lazy\" title=\"Cr\u00e8ches Kiddies - we all learn and grow together !\" src=\"https:\/\/player.vimeo.com\/video\/146025561?dnt=1&amp;app_id=122963\" width=\"500\" height=\"281\" frameborder=\"0\" allow=\"autoplay; fullscreen; picture-in-picture; clipboard-write; encrypted-media; web-share\" referrerpolicy=\"strict-origin-when-cross-origin\"><\/iframe><\/p>\n<h2><strong><span style=\"color: #800080;\"><span style=\"color: #ff6600;\">kiddies.betzdorf a encore des places disponibles !<\/span><br \/>\n<\/span><\/strong><\/h2>\n<p>Veuillez utiliser le <span style=\"color: #ff6600;\"><a style=\"color: #ff6600;\" title=\"Inscription\" href=\"https:\/\/kiddies.lu\/fr\/registration\/ \">formulaire<\/a><\/span> pour prendre contact avec nous. Merci.<\/p>\n<h2><strong>kiddies en tant que partenaire de votre famille<\/strong><\/h2>\n<p>kiddies se voit comme partenaire de votre famille. Ensemble avec vous, chers parents, nous nous occupons du bien-\u00eatre, du d\u00e9veloppement personnel et des premiers pas de votre enfant au sein de son entourage sociale.<\/p>\n<p>La promotion des processus d\u2019\u00e9ducation et le d\u00e9veloppement des enfants sont constamment au centre de notre travail r\u00e9flexif, pour faire de kiddies un endroit o\u00f9 les enfants peuvent trouver suffisamment de temps et d\u2019espace pour s\u2019\u00e9panouir. Ils apprennent, ainsi, par l\u2019id\u00e9e de la participation et la prise de d\u00e9cision d\u00e9mocratique, qui sont des comp\u00e9tences sociale indispensable.<\/p>\n<p style=\"text-align: left;\"><img decoding=\"async\" class=\"alignnone wp-image-789 size-full\" src=\"https:\/\/kiddies.lu\/wp-content\/uploads\/2014\/04\/Polaroid_001.jpg\" alt=\"\" width=\"203\" height=\"224\" \/><\/p>\n<h3><strong>Nos <\/strong><strong>services de soutien<\/strong><strong>s<\/strong><\/h3>\n<p>Notre offre de service est destin\u00e9e aux familles ayant des enfants \u00e2g\u00e9s \u00e0 partir de 3 mois jusqu\u2019\u00e0 l\u2019\u00e2ge de la scolarisation, sans distinction de sexe, de nationalit\u00e9 ou de religion.<\/p>\n<p>Notre syst\u00e8me de soins est bas\u00e9 sur les principes de l&rsquo;\u00e9ducation non formelle et inclus des services d&rsquo;intervention pr\u00e9coce, en particulier dans les domaines de la perception, de l&rsquo;int\u00e9gration sociale, de la langue et de la sant\u00e9.<\/p>\n<p>Notre travail \u00e9ducatif est bas\u00e9 sur le guide \u00ab\u00a0Leitfaden f\u00fcr p\u00e4dagogische Qualit\u00e4t von Anfang an\u00a0\u00bb du M.F.I. Luxembourg ainsi que les recommandations \u00e9ducatives et p\u00e9dagogiques de la Rh\u00e9nanie (Allemagne) et son extension pour le domaine de la petite enfance, ainsi que les recommandations du M.F.I. concernant l&rsquo;\u00e9ducation non formelle pour des enfants et des jeunes.<\/p>\n<p>Ces fondements th\u00e9oriques sont mis en pratique, pendant notre vie quotidienne au sein de notre \u00e9tablissement.<\/p>\n<p>Ici nous d\u00e9crivons essentiellement les points les plus importants afin que vous puissiez avoir une id\u00e9e sur notre vie quotidienne.<\/p>\n<p>Ces mod\u00e8les conceptuels doivent \u00eatre per\u00e7us comme notre principale fa\u00e7on de travailler. Un ajustement continu des connaissances professionnelles de notre personnel aux r\u00e9alit\u00e9s de la soci\u00e9t\u00e9 actuelle est primordial pour kiddies. Cette flexibilit\u00e9 nous tient \u00e0 c\u0153ur pour garantir une bonne coop\u00e9ration avec vous, chers parents, tout en offrant \u00e0 l&rsquo;enfant les meilleures opportunit\u00e9s de d\u00e9veloppement possibles.<\/p>\n<p><img decoding=\"async\" class=\"alignnone wp-image-801 size-full\" src=\"https:\/\/kiddies.lu\/wp-content\/uploads\/2014\/04\/Polaroid_12.jpg\" alt=\"\" width=\"203\" height=\"224\" \/><\/p>\n<h3><strong>L\u2019enfant comp\u00e9tent<\/strong><\/h3>\n<p>Par d\u00e9finition les enfants sont curieux et d\u00e9sireux d\u2019apprendre. Ils veulent explorer le monde avec tous leurs sens. Il est important pour kiddies de se conformer \u00e0 cette soif de connaissance et de cr\u00e9er des offres sur mesure pour promouvoir l\u2019ind\u00e9pendance de l\u2019enfant.<\/p>\n<p>Un point important du travail \u00e9ducatif est la cr\u00e9ation d\u2019un environnement riche en stimulants qui rend un apprentissage ludique possible.<\/p>\n<p>La confiance dans l\u2019auto-\u00e9ducation des enfants, la patience et l\u2019int\u00e9r\u00eat lors du suivi des enfants ainsi qu\u2019une relation \u00e9troite avec l\u2019enfant sont des \u00e9l\u00e9ments importants.<\/p>\n<p>Notre compr\u00e9hension de l\u2019\u00e9ducation impr\u00e8gne tous les aspects de la vie quotidienne, \u00e0 travers le jeu libre ainsi que des activit\u00e9s semi-dirig\u00e9s, telles que\u00a0:<\/p>\n<p>\u25ba \u201eAtelier\u201c \u2013 Peinture, Formes, Conception, Cr\u00e9ation<\/p>\n<p>\u25ba\u201eSoci\u00e9t\u00e9\u201c\u2013 la vie en communaut\u00e9, la gestion des \u00e9motions<\/p>\n<p>\u25ba\u201eMouvements et sant\u00e9\u201c\u2013 l\u2019exp\u00e9rience du corps, la perception, la nutrition saine<\/p>\n<p>\u25ba\u201eMusique\u201c\u2013 sons, rythmes, m\u00e9lodies<\/p>\n<p>\u25ba\u201eNature et environnement\u201c\u2013 les merveilles du monde<\/p>\n<p>\u25ba\u201echiffres et lettres\u201c\u2013 les d\u00e9buts des calculs et de la langue<\/p>\n<p><img decoding=\"async\" class=\"alignnone wp-image-793 size-full\" src=\"https:\/\/kiddies.lu\/wp-content\/uploads\/2014\/04\/Polaroid_021.jpg\" alt=\"\" width=\"203\" height=\"224\" \/><\/p>\n<h3><strong>Mouvement<\/strong><\/h3>\n<p>Les enfants ont un grand besoin de bouger. Pour r\u00e9pondre \u00e0 ce besoin, toute la zone ext\u00e9rieure de kiddies est \u00e0 leur disposition ainsi que la pleine de jeu de l\u2019\u00e9cole fondamentale, la salle de psychomotricit\u00e9 ainsi que la piscine de l\u2019Institut St-Joseph.<\/p>\n<p>Ces offres sp\u00e9cifiques de mouvement n\u2019ont pas seulement un effet positif sur le d\u00e9veloppement moteur des enfants mais stimulent aussi l\u2019\u00e9volution c\u00e9r\u00e9brale.<\/p>\n<p>Certains mouvements et rythmes stimulent simultan\u00e9ment diff\u00e9rentes comp\u00e9tences (p.ex. la perception de l\u2019espace) qui sont indispensables lors de la scolarisation.<\/p>\n<p>En plus des activit\u00e9s structur\u00e9es (kiddies va toutes les semaines \u00e0 la piscine et \u00e0 la salle de psychomotricit\u00e9 et presque tous les jours aux pleines de jeux et sur les terrains de sport) le fait de bouger \u00e0 une tr\u00e8s grande importance dans la vie de tous les jours.<\/p>\n<p>Ainsi les intervalles lors desquels les enfants sont oblig\u00e9s de rester assis (p.ex. lors des repas) sont r\u00e9duits aux minimum. Lors des activit\u00e9s les enfants ont le choix de s\u2019asseoir, de rester debout ou de se mettre par terre.<\/p>\n<h3><strong>Nutrition<\/strong><\/h3>\n<p>Une alimentation \u00e9quilibr\u00e9e fait \u00e9galement partie int\u00e9grante de notre travail. Chez kiddies les enfants sont aid\u00e9s \u00e0 d\u00e9velopper des habitudes alimentaires saines. L\u2019alimentation \u00e0 travers tout les sens, la perception des diff\u00e9rentes odeurs et des diff\u00e9rents go\u00fbts joue un r\u00f4le primordial. En outre, l\u2019exp\u00e9rience de manger ensemble autour d\u2019une table favorise l\u2019apprentissage de diff\u00e9rentes conventions et interactions sociales.<\/p>\n<p>Le menu de Ansamble, \u00e9tabli sous la supervision de sp\u00e9cialistes qualifi\u00e9s, nous fournit quotidiennement des repas vari\u00e9s adapt\u00e9s aux besoins nutritionnels des enfants.<\/p>\n<p>En outre un petit-d\u00e9jeuner le matin et une collation \u00e0 base de fruit sont pr\u00e9par\u00e9 chaque jour chez kiddies. Du pain frais est achet\u00e9 \u00e0 la boulangerie locale (Klouschtergaart) en compagnie des enfants.<\/p>\n<p>Chez kiddies les enfants sont toujours invit\u00e9s \u00e0 gouter des aliments inconnus pour eux mais ils ne seront jamais forc\u00e9s de les manger.<\/p>\n<p>Nous veillons \u00e0 ce que les diff\u00e9rents composants des plats sont pr\u00e9sent\u00e9s s\u00e9par\u00e9ment afin que chaque enfant puisse choisir par rapport \u00e0 ces propres go\u00fbts.<\/p>\n<p>De fa\u00e7on r\u00e9guli\u00e8re des buffets \u00e0 th\u00e8mes sont mis \u00e0 disposition afin de proposer une large diversit\u00e9 au niveau des choix des plats. Ces th\u00e8mes varient entre les c\u00e9r\u00e9ales, les l\u00e9gumes, les fruits et le fingerfood par exemple.<\/p>\n<h3><strong>Coop\u00e9ration avec les parents<\/strong><\/h3>\n<p>Ch\u00e8rs parents, gr\u00e2ce \u00e0 la p\u00e9riode d\u2019essai une \u00e9troite relation de confiance peut s\u2019installer. Ainsi vous \u00eates inform\u00e9s chaque jour du d\u00e9roulement de la journ\u00e9e.<\/p>\n<p>En outre kiddies vous propose r\u00e9guli\u00e8rement\u00a0:<\/p>\n<p>\u25ba Journ\u00e9e parents\u00a0: discussions sur les processus d\u2019\u00e9ducation et de d\u00e9veloppement individuel de chaque enfant<\/p>\n<p>\u25ba Apr\u00e8s-midi parents: participation active \u00e0 la vie quotidienne de la cr\u00e8che<\/p>\n<p>\u25ba Accompagnement des parents\u00a0: activit\u00e9s conjointes ainsi que des excursions<\/p>\n<p>\u25ba Exp\u00e9rience pour parents et enfants: massage b\u00e9b\u00e9, \u00e9veil musicale pr\u00e9coce, natation parent-enfant<\/p>\n<p>\u25ba Conseil pour parents: conseil par rapport au d\u00e9veloppement de l\u2019enfant ainsi que par rapport \u00e0 l\u2019\u00e9ducation<\/p>\n<p><img decoding=\"async\" class=\"alignnone wp-image-808 size-full\" src=\"https:\/\/kiddies.lu\/wp-content\/uploads\/2014\/04\/Polaroid_Label.jpg\" alt=\"\" width=\"203\" height=\"224\" \/><\/p>\n<h3><strong>Assurance qualit\u00e9<\/strong><\/h3>\n<p>Les membres de l\u2019\u00e9quipe ont tous suivi des diff\u00e9rentes formation dans le domaine de l\u2019\u00e9ducation ce qui leur permet de travailler en compl\u00e9ment.<\/p>\n<p>Ainsi les enfants se retrouvent face \u00e0 des professionnelles qui ont des connaissances dans de multiples domaines \u00e9ducatifs (p.ex. le d\u00e9veloppement de la langue, les massages pour b\u00e9b\u00e9s, la formation de groupe de b\u00e9b\u00e9s, l\u2019entrainement de la concentration, des nageurs-sauveteurs, des di\u00e9t\u00e9ticiennes, consultant des parents, secouristes,\u2026).<\/p>\n<p>\u25ba Auto\u00e9valuation et \u00e9valuation externe<\/p>\n<p>Dans les r\u00e9unions d\u2019\u00e9quipe hebdomadaires ainsi que dans une grande r\u00e9union mensuelle la qualit\u00e9 du travail est auto-\u00e9valu\u00e9e.<\/p>\n<p>Le minist\u00e8re de la famille est l\u2019organe de contr\u00f4le externe qui fait des propositions d\u2019am\u00e9lioration du travail dans le domaine de la petite enfance.<\/p>\n<p>\u25ba Label \u201eS\u00e9cher &amp; Gesond mat System\u201c<\/p>\n<p>kiddies est la premi\u00e8re cr\u00e8che au Luxembourg qui est d\u00e9tentrice du label \u201eS\u00e9cher &amp; Gesond mat System\u201c, un label attribu\u00e9 aux institutions s\u2019investiguant particuli\u00e8rement dans la s\u00e9curit\u00e9 et la sant\u00e9 au travail. (www.label-sgs.lu)<\/p>\n<p>&nbsp;<\/p>","protected":false},"excerpt":{"rendered":"<p>kiddies.betzdorf a encore des places disponibles ! Veuillez utiliser le formulaire pour prendre contact avec nous. Merci. kiddies en tant que partenaire de votre famille kiddies se voit comme partenaire de votre famille. Ensemble avec vous, chers parents, nous nous occupons du bien-\u00eatre, du d\u00e9veloppement personnel et des premiers pas de votre enfant au sein [&hellip;]<\/p>\n","protected":false},"author":3,"featured_media":0,"parent":8,"menu_order":8,"comment_status":"closed","ping_status":"closed","template":"","meta":{"footnotes":""},"class_list":["post-56","page","type-page","status-publish","hentry"],"_links":{"self":[{"href":"https:\/\/kiddies.lu\/fr\/wp-json\/wp\/v2\/pages\/56","targetHints":{"allow":["GET"]}}],"collection":[{"href":"https:\/\/kiddies.lu\/fr\/wp-json\/wp\/v2\/pages"}],"about":[{"href":"https:\/\/kiddies.lu\/fr\/wp-json\/wp\/v2\/types\/page"}],"author":[{"embeddable":true,"href":"https:\/\/kiddies.lu\/fr\/wp-json\/wp\/v2\/users\/3"}],"replies":[{"embeddable":true,"href":"https:\/\/kiddies.lu\/fr\/wp-json\/wp\/v2\/comments?post=56"}],"version-history":[{"count":174,"href":"https:\/\/kiddies.lu\/fr\/wp-json\/wp\/v2\/pages\/56\/revisions"}],"predecessor-version":[{"id":6345,"href":"https:\/\/kiddies.lu\/fr\/wp-json\/wp\/v2\/pages\/56\/revisions\/6345"}],"up":[{"embeddable":true,"href":"https:\/\/kiddies.lu\/fr\/wp-json\/wp\/v2\/pages\/8"}],"wp:attachment":[{"href":"https:\/\/kiddies.lu\/fr\/wp-json\/wp\/v2\/media?parent=56"}],"curies":[{"name":"wp","href":"https:\/\/api.w.org\/{rel}","templated":true}]}}