{"id":59,"date":"2014-04-25T15:42:50","date_gmt":"2014-04-25T14:42:50","guid":{"rendered":"http:\/\/kiddies.lu\/?page_id=59"},"modified":"2026-03-25T20:08:10","modified_gmt":"2026-03-25T18:08:10","slug":"information","status":"publish","type":"page","link":"https:\/\/kiddies.lu\/fr\/betzdorf\/information\/","title":{"rendered":"Infos"},"content":{"rendered":"<p><iframe loading=\"lazy\" title=\"Cr\u00e8ches Kiddies - we all learn and grow together !\" src=\"https:\/\/player.vimeo.com\/video\/146025561?dnt=1&amp;app_id=122963\" width=\"500\" height=\"281\" frameborder=\"0\" allow=\"autoplay; fullscreen; picture-in-picture; clipboard-write; encrypted-media; web-share\" referrerpolicy=\"strict-origin-when-cross-origin\"><\/iframe><\/p>\n<h2><strong><span style=\"color: #800080;\"><span style=\"color: #ff6600;\">kiddies.betzdorf a encore des places disponibles !<\/span><br \/>\n<\/span><\/strong><\/h2>\n<p>Veuillez utiliser le <span style=\"color: #ff6600;\"><a style=\"color: #ff6600;\" title=\"Inscription\" href=\"https:\/\/kiddies.lu\/fr\/registration\/ \">formulaire<\/a><\/span> pour prendre contact avec nous. Merci.<\/p>\n<h2><strong>Ce qui vous int\u00e9resse<\/strong><\/h2>\n<p><strong>Nos heures d\u2019ouverture<\/strong><\/p>\n<p>kiddies.betzdorf est ouvert tous les jours du lundi au vendredi entre 07h00 et 18h30 sauf jours f\u00e9ri\u00e9s.<\/p>\n<h3><strong>Nos menus<\/strong><\/h3>\n<p>Le menu de Ansamble, \u00e9tabli sous la supervision de sp\u00e9cialistes qualifi\u00e9s, nous fournit quotidiennement des repas vari\u00e9s adapt\u00e9s aux besoins nutritionnels des enfants. Ils veillent \u00e0 avoir un choix tr\u00e8s vari\u00e9.<\/p>\n<h3><strong><\/strong><\/h3><ul class=\"menu_cycle_list\"><li><a target=\"_blank\" href=\"https:\/\/kiddies.lu\/wp-content\/uploads\/2025\/12\/2026-SEM-02-LUX.pdf\">Cycle 1<\/a><\/li><li><a target=\"_blank\" href=\"https:\/\/kiddies.lu\/wp-content\/uploads\/2025\/12\/2026-SEM-03-LUX.pdf\">Cycle 2<\/a><\/li><li><a target=\"_blank\" href=\"https:\/\/kiddies.lu\/wp-content\/uploads\/2025\/12\/2026-SEM-04-LUX.pdf\">Cycle 3<\/a><\/li><li><a target=\"_blank\" href=\"https:\/\/kiddies.lu\/wp-content\/uploads\/2025\/12\/2026-SEM-05-LUX.pdf\">Cycle 4<\/a><\/li><\/ul>\n<h3><strong>L\u2019adaptation<\/strong><\/h3>\n<p>Une p\u00e9riode d\u2019acclimatisation de 2 \u00e0 3 semaines fait partie int\u00e9grante du concept de notre institution et permet \u00e0 l\u2019enfant et \u00e0 vous, chers parents, une transition en douceur vers une nouvelle phase de d\u00e9veloppement.<\/p>\n<p>kiddies travaille d\u2019apr\u00e8s le mod\u00e8le berlinois, qui prend en compte les besoins, les rituels et les moyens des enfants et des parents tout en les introduisant dans le travail hebdomadaire de la cr\u00e8che.<\/p>\n<p>En m\u00eame temps cela permet aux parents de se faire une id\u00e9e du travail journalier et de prendre contact avec l\u2019\u00e9ducatrice de r\u00e9f\u00e9rence de leurs enfant(s).<\/p>\n<p>Ce mod\u00e8le illustre notre approche de base ainsi que l\u2019importance de cette p\u00e9riode structur\u00e9e avec ses petites \u00e9tapes d\u2019acclimatation qui est adapt\u00e9e de fa\u00e7on individuelle pour chaque enfant.<\/p>\n<h3><strong>De Mini \u00e0 Maxi<\/strong><\/h3>\n<p>Le changement des Minis vers le Maxis est un processus qui est accompagn\u00e9 par l\u2019\u00e9ducatrice de r\u00e9f\u00e9rence. Ce changement se fait doucement (activit\u00e9s accompagn\u00e9es \u2013 repas \u2013 sieste) g\u00e9n\u00e9ralement vers l\u2019\u00e2ge de 20 \u00e0 28 mois selon le d\u00e9veloppement de l\u2019enfant. Ainsi nous pouvons garantir que l\u2019enfant peut profiter de ce changement au sein de notre institution. Lors de ce moment de transition il y a des r\u00e9unions r\u00e9guli\u00e8res avec les parents.<\/p>\n<p>Nous avons opt\u00e9 de travailler avec deux groupes d\u2019\u00e2ges ce qui nous permet de minimiser les changements pour les enfants et notamment leur personne de confiance. Ceci est la cons\u00e9quence logique r\u00e9sultante des recherches actuelles sur l\u2019attachement.<\/p>\n<h3><a href=\"https:\/\/kiddies.lu\/wp-content\/uploads\/2014\/04\/Polaroid_15.jpg\"><img decoding=\"async\" class=\"alignnone size-full wp-image-825\" src=\"https:\/\/kiddies.lu\/wp-content\/uploads\/2014\/04\/Polaroid_15.jpg\" alt=\"Polaroid_15\" width=\"203\" height=\"224\" \/><\/a><\/h3>\n<h3><strong>Notre \u00e9quipe \u00e0 Betzdorf <\/strong><\/h3>\n<p>La responsabilit\u00e9 de la cr\u00e8che kiddies est soumise \u00e0 une p\u00e9dagogue qualifi\u00e9e qui est assist\u00e9e par des \u00e9ducatrices dipl\u00f4m\u00e9es.<\/p>\n<p>L\u2019\u00e9quipe \u00e9ducative est compos\u00e9e ainsi:<\/p>\n<p>\u25ba Minis: 1 chef de groupe, 1 \u00e9ducatrice, 1 aide-\u00e9ducatrice, 1 stagiaire<\/p>\n<p>\u25ba Maxis: 2 chefs de groupe, 2 \u00e9ducatrices, 1 stagiaire<\/p>\n<p>\u25ba 1 femme de m\u00e9nage (t\u00e2che compl\u00e8te)<\/p>\n<p>En outre, kiddies accompagne selon les possibilit\u00e9s des stagiaires ainsi que des personnes qualifi\u00e9es dans des programmes de r\u00e9insertion professionnelle.<\/p>\n<h3><strong>Nos infrastructures, des espaces \u00e9ducatifs<\/strong><\/h3>\n<p>Nos espaces \u00e9ducatifs donnent la possibilit\u00e9 aux enfants de cr\u00e9er activement leur processus de d\u00e9veloppement \u00e9ducatif.<\/p>\n<p>L\u2019entourage et l\u2019environnement sont con\u00e7us afin de pouvoir stimuler ce processus.<\/p>\n<p>Les infrastructures de kiddies.betzdorf comprennent\u00a0:<\/p>\n<p>\u25ba Rez-de-chauss\u00e9e\u00a0: 2 salles de vie et de cr\u00e9ativit\u00e9 2 salles de repos, 1 salle d\u2019hygi\u00e8ne<\/p>\n<p>\u25ba premier \u00e9tage\u00a0: 2 salles de vie et de cr\u00e9ativit\u00e9 3 salles de repos, 1 salle d\u2019hygi\u00e8ne, 1 salle d\u2019allaitement,<\/p>\n<p>\u25ba un grand espace ext\u00e9rieur, compl\u00e9t\u00e9 par l\u2019utilisation des infrastructures locales tels que la piscine et les terrains de sport de l\u2019institut St. Joseph.<\/p>\n<p><a href=\"https:\/\/kiddies.lu\/wp-content\/uploads\/2014\/04\/Polaroid_19.jpg\"><span style=\"font-family: Helvetica,Arial,sans-serif;\"><div class='content-column one_third'><\/div><\/span><img decoding=\"async\" class=\"alignnone size-full wp-image-829\" src=\"https:\/\/kiddies.lu\/wp-content\/uploads\/2014\/04\/Polaroid_19.jpg\" alt=\"Polaroid_19\" width=\"203\" height=\"224\" \/><\/a> <span style=\"font-family: Helvetica,Arial,sans-serif;\"><\/div> <div class='content-column one_third'><\/span> <a href=\"https:\/\/kiddies.lu\/wp-content\/uploads\/2014\/04\/Polaroid_12.jpg\"><img decoding=\"async\" class=\"alignnone size-full wp-image-801\" src=\"https:\/\/kiddies.lu\/wp-content\/uploads\/2014\/04\/Polaroid_12.jpg\" alt=\"Polaroid_12\" width=\"203\" height=\"224\" \/><\/a> <span style=\"font-family: Helvetica,Arial,sans-serif;\"><\/div><div class='content-column one_third'><\/span> <a href=\"https:\/\/kiddies.lu\/wp-content\/uploads\/2014\/04\/Polaroid_09.jpg\"><img decoding=\"async\" class=\"alignnone size-full wp-image-819\" src=\"https:\/\/kiddies.lu\/wp-content\/uploads\/2014\/04\/Polaroid_09.jpg\" alt=\"Polaroid_09\" width=\"203\" height=\"224\" \/><\/a><\/p>","protected":false},"excerpt":{"rendered":"<p>D\u00e9sol\u00e9, cet article est seulement disponible en DE. kiddies.betzdorf hat noch Pl\u00e4tze frei ! Bitte benutzen Sie bei Interesse unser Kontaktformular. Vielen Dank. Was Sie wissen sollten Unsere \u00d6ffnungszeiten kiddies.betzdorf hat t\u00e4glich, au\u00dfer an den gesetzlichen Feiertagen, von Montag bis Freitag, von 07:00 bis 18:30 Uhr ge\u00f6ffnet. Unsere Men\u00fcs Der Men\u00fc-Service von Ansamble, unter der [&hellip;]<\/p>\n","protected":false},"author":3,"featured_media":0,"parent":8,"menu_order":12,"comment_status":"closed","ping_status":"closed","template":"page-infos.php","meta":{"footnotes":""},"class_list":["post-59","page","type-page","status-publish","hentry"],"_links":{"self":[{"href":"https:\/\/kiddies.lu\/fr\/wp-json\/wp\/v2\/pages\/59","targetHints":{"allow":["GET"]}}],"collection":[{"href":"https:\/\/kiddies.lu\/fr\/wp-json\/wp\/v2\/pages"}],"about":[{"href":"https:\/\/kiddies.lu\/fr\/wp-json\/wp\/v2\/types\/page"}],"author":[{"embeddable":true,"href":"https:\/\/kiddies.lu\/fr\/wp-json\/wp\/v2\/users\/3"}],"replies":[{"embeddable":true,"href":"https:\/\/kiddies.lu\/fr\/wp-json\/wp\/v2\/comments?post=59"}],"version-history":[{"count":180,"href":"https:\/\/kiddies.lu\/fr\/wp-json\/wp\/v2\/pages\/59\/revisions"}],"predecessor-version":[{"id":6358,"href":"https:\/\/kiddies.lu\/fr\/wp-json\/wp\/v2\/pages\/59\/revisions\/6358"}],"up":[{"embeddable":true,"href":"https:\/\/kiddies.lu\/fr\/wp-json\/wp\/v2\/pages\/8"}],"wp:attachment":[{"href":"https:\/\/kiddies.lu\/fr\/wp-json\/wp\/v2\/media?parent=59"}],"curies":[{"name":"wp","href":"https:\/\/api.w.org\/{rel}","templated":true}]}}