{"id":208,"date":"2014-06-05T17:35:40","date_gmt":"2014-06-05T15:35:40","guid":{"rendered":"http:\/\/kiddies.lu\/?page_id=208"},"modified":"2015-10-19T17:45:43","modified_gmt":"2015-10-19T15:45:43","slug":"praktische-infos-2","status":"publish","type":"page","link":"https:\/\/kiddies.lu\/lb\/colmar-berg\/praktische-infos-2\/","title":{"rendered":"Iwwert eis"},"content":{"rendered":"<p class=\"qtranxs-available-languages-message qtranxs-available-languages-message-lb\">Leider ass d\u00ebs S\u00e4it just op <a href=\"https:\/\/kiddies.lu\/de\/wp-json\/wp\/v2\/pages\/208\" class=\"qtranxs-available-language-link qtranxs-available-language-link-de\" title=\"DE\">DE<\/a> verf\u00fcgbar.<\/p><p><div class='content-column one_fifth'><div id=\"attachment_368\" style=\"width: 134px\" class=\"wp-caption alignnone\"><img decoding=\"async\" aria-describedby=\"caption-attachment-368\" class=\" wp-image-368\" src=\"https:\/\/kiddies.lu\/wp-content\/uploads\/2014\/04\/Daniela-214x300.jpg\" alt=\"D. Weisser (charg\u00e9e)\" width=\"124\" height=\"174\" \/><p id=\"caption-attachment-368\" class=\"wp-caption-text\">D. Weisser<br \/>(charg\u00e9e)<\/p><\/div><\/div><\/p>\n<div class='content-column four_fifth last_column'><p>Beispill Text<\/p><\/div><div class='clear_column'><\/div><\/p>","protected":false},"excerpt":{"rendered":"<p>Leider ass d\u00ebs S\u00e4it just op DE verf\u00fcgbar.<\/p>\n","protected":false},"author":3,"featured_media":0,"parent":79,"menu_order":6,"comment_status":"open","ping_status":"open","template":"page-infos.php","meta":{"footnotes":""},"class_list":["post-208","page","type-page","status-publish","hentry"],"_links":{"self":[{"href":"https:\/\/kiddies.lu\/lb\/wp-json\/wp\/v2\/pages\/208","targetHints":{"allow":["GET"]}}],"collection":[{"href":"https:\/\/kiddies.lu\/lb\/wp-json\/wp\/v2\/pages"}],"about":[{"href":"https:\/\/kiddies.lu\/lb\/wp-json\/wp\/v2\/types\/page"}],"author":[{"embeddable":true,"href":"https:\/\/kiddies.lu\/lb\/wp-json\/wp\/v2\/users\/3"}],"replies":[{"embeddable":true,"href":"https:\/\/kiddies.lu\/lb\/wp-json\/wp\/v2\/comments?post=208"}],"version-history":[{"count":6,"href":"https:\/\/kiddies.lu\/lb\/wp-json\/wp\/v2\/pages\/208\/revisions"}],"predecessor-version":[{"id":1310,"href":"https:\/\/kiddies.lu\/lb\/wp-json\/wp\/v2\/pages\/208\/revisions\/1310"}],"up":[{"embeddable":true,"href":"https:\/\/kiddies.lu\/lb\/wp-json\/wp\/v2\/pages\/79"}],"wp:attachment":[{"href":"https:\/\/kiddies.lu\/lb\/wp-json\/wp\/v2\/media?parent=208"}],"curies":[{"name":"wp","href":"https:\/\/api.w.org\/{rel}","templated":true}]}}