{"id":236,"date":"2014-06-05T17:42:49","date_gmt":"2014-06-05T15:42:49","guid":{"rendered":"http:\/\/kiddies.lu\/?page_id=236"},"modified":"2026-03-22T20:53:42","modified_gmt":"2026-03-22T18:53:42","slug":"kontakt","status":"publish","type":"page","link":"https:\/\/kiddies.lu\/lb\/mertzig\/kontakt\/","title":{"rendered":"Kontakt"},"content":{"rendered":"<p class=\"qtranxs-available-languages-message qtranxs-available-languages-message-lb\">Leider ass d\u00ebs S\u00e4it just op <a href=\"https:\/\/kiddies.lu\/de\/wp-json\/wp\/v2\/pages\/236\" class=\"qtranxs-available-language-link qtranxs-available-language-link-de\" title=\"DE\">DE<\/a>, <a href=\"https:\/\/kiddies.lu\/fr\/wp-json\/wp\/v2\/pages\/236\" class=\"qtranxs-available-language-link qtranxs-available-language-link-fr\" title=\"FR\">FR<\/a> an <a href=\"https:\/\/kiddies.lu\/pt\/wp-json\/wp\/v2\/pages\/236\" class=\"qtranxs-available-language-link qtranxs-available-language-link-pt\" title=\"PT\">PT<\/a> verf\u00fcgbar.<\/p><p><h3><span class='highlight'>cr\u00e8che<\/span> kiddies. <span class='highlight'>Mertzig<\/span><\/h3><\/p>\n<h4>Adresse<\/h4><p>12, rue de Michelbouch<br \/>\nL-9170 Mertzig<\/p>\n<h4>Telefon<\/h4><p>+352 &#8211; 26 37 87 90<\/p>\n<h4>e-mail<\/h4><p>mertzig@kiddies.lu<\/p>\n<p><a href=\"https:\/\/kiddies.lu\/wp-content\/uploads\/2024\/10\/Melodie.jpg\"><img decoding=\"async\" class=\"alignnone wp-image-6250 \" src=\"https:\/\/kiddies.lu\/wp-content\/uploads\/2024\/10\/Melodie-225x300.jpg\" alt=\"\" width=\"118\" height=\"158\" srcset=\"https:\/\/kiddies.lu\/wp-content\/uploads\/2024\/10\/Melodie-225x300.jpg 225w, https:\/\/kiddies.lu\/wp-content\/uploads\/2024\/10\/Melodie-768x1024.jpg 768w, https:\/\/kiddies.lu\/wp-content\/uploads\/2024\/10\/Melodie-1152x1536.jpg 1152w, https:\/\/kiddies.lu\/wp-content\/uploads\/2024\/10\/Melodie.jpg 810w\" sizes=\"(max-width: 118px) 100vw, 118px\" \/><\/a><br \/>\nM. Bissot (charg\u00e9e adjointe)<\/p>","protected":false},"excerpt":{"rendered":"<p>Leider ass d\u00ebs S\u00e4it just op DE, FR an PT verf\u00fcgbar. M. Bissot (charg\u00e9e adjointe)<\/p>\n","protected":false},"author":3,"featured_media":0,"parent":15,"menu_order":14,"comment_status":"closed","ping_status":"closed","template":"page-contact.php","meta":{"footnotes":""},"class_list":["post-236","page","type-page","status-publish","hentry"],"_links":{"self":[{"href":"https:\/\/kiddies.lu\/lb\/wp-json\/wp\/v2\/pages\/236","targetHints":{"allow":["GET"]}}],"collection":[{"href":"https:\/\/kiddies.lu\/lb\/wp-json\/wp\/v2\/pages"}],"about":[{"href":"https:\/\/kiddies.lu\/lb\/wp-json\/wp\/v2\/types\/page"}],"author":[{"embeddable":true,"href":"https:\/\/kiddies.lu\/lb\/wp-json\/wp\/v2\/users\/3"}],"replies":[{"embeddable":true,"href":"https:\/\/kiddies.lu\/lb\/wp-json\/wp\/v2\/comments?post=236"}],"version-history":[{"count":34,"href":"https:\/\/kiddies.lu\/lb\/wp-json\/wp\/v2\/pages\/236\/revisions"}],"predecessor-version":[{"id":6337,"href":"https:\/\/kiddies.lu\/lb\/wp-json\/wp\/v2\/pages\/236\/revisions\/6337"}],"up":[{"embeddable":true,"href":"https:\/\/kiddies.lu\/lb\/wp-json\/wp\/v2\/pages\/15"}],"wp:attachment":[{"href":"https:\/\/kiddies.lu\/lb\/wp-json\/wp\/v2\/media?parent=236"}],"curies":[{"name":"wp","href":"https:\/\/api.w.org\/{rel}","templated":true}]}}