{"id":31,"date":"2014-04-25T13:54:08","date_gmt":"2014-04-25T12:54:08","guid":{"rendered":"http:\/\/kiddies.lu\/?page_id=31"},"modified":"2026-03-22T20:54:13","modified_gmt":"2026-03-22T18:54:13","slug":"contact","status":"publish","type":"page","link":"https:\/\/kiddies.lu\/lb\/schieren\/contact\/","title":{"rendered":"Kontakt"},"content":{"rendered":"<p class=\"qtranxs-available-languages-message qtranxs-available-languages-message-lb\">Leider ass d\u00ebs S\u00e4it just op <a href=\"https:\/\/kiddies.lu\/de\/wp-json\/wp\/v2\/pages\/31\" class=\"qtranxs-available-language-link qtranxs-available-language-link-de\" title=\"DE\">DE<\/a>, <a href=\"https:\/\/kiddies.lu\/fr\/wp-json\/wp\/v2\/pages\/31\" class=\"qtranxs-available-language-link qtranxs-available-language-link-fr\" title=\"FR\">FR<\/a> an <a href=\"https:\/\/kiddies.lu\/pt\/wp-json\/wp\/v2\/pages\/31\" class=\"qtranxs-available-language-link qtranxs-available-language-link-pt\" title=\"PT\">PT<\/a> verf\u00fcgbar.<\/p><p><h3><span class='highlight'>cr\u00e8che<\/span> kiddies. <span class='highlight'>Schieren<\/span><\/h3><\/p>\n<h4>Adresse<\/h4><p>18, \u00ebnnert den Thermen<br \/>\nL-9137 Schieren<\/p>\n<h4>Telefon<\/h4><p>+352 &#8211; 26 81 34 32<\/p>\n<h4>e-mail<\/h4><p>schieren@kiddies.lu<\/p>\n<p><a href=\"https:\/\/kiddies.lu\/wp-content\/uploads\/2025\/12\/Foto_profil_Barbara.jpg\"><img decoding=\"async\" class=\"alignnone wp-image-6261\" src=\"https:\/\/kiddies.lu\/wp-content\/uploads\/2025\/12\/Foto_profil_Barbara-242x300.jpg\" alt=\"\" width=\"112\" height=\"139\" srcset=\"https:\/\/kiddies.lu\/wp-content\/uploads\/2025\/12\/Foto_profil_Barbara-242x300.jpg 242w, https:\/\/kiddies.lu\/wp-content\/uploads\/2025\/12\/Foto_profil_Barbara.jpg 300w\" sizes=\"(max-width: 112px) 100vw, 112px\" \/><\/a><br \/>\nB. Venancio (charg\u00e9e)<\/p>","protected":false},"excerpt":{"rendered":"<p>Leider ass d\u00ebs S\u00e4it just op DE, FR an PT verf\u00fcgbar. B. Venancio (charg\u00e9e)<\/p>\n","protected":false},"author":3,"featured_media":0,"parent":6,"menu_order":15,"comment_status":"closed","ping_status":"closed","template":"page-contact.php","meta":{"footnotes":""},"class_list":["post-31","page","type-page","status-publish","hentry"],"_links":{"self":[{"href":"https:\/\/kiddies.lu\/lb\/wp-json\/wp\/v2\/pages\/31","targetHints":{"allow":["GET"]}}],"collection":[{"href":"https:\/\/kiddies.lu\/lb\/wp-json\/wp\/v2\/pages"}],"about":[{"href":"https:\/\/kiddies.lu\/lb\/wp-json\/wp\/v2\/types\/page"}],"author":[{"embeddable":true,"href":"https:\/\/kiddies.lu\/lb\/wp-json\/wp\/v2\/users\/3"}],"replies":[{"embeddable":true,"href":"https:\/\/kiddies.lu\/lb\/wp-json\/wp\/v2\/comments?post=31"}],"version-history":[{"count":51,"href":"https:\/\/kiddies.lu\/lb\/wp-json\/wp\/v2\/pages\/31\/revisions"}],"predecessor-version":[{"id":6339,"href":"https:\/\/kiddies.lu\/lb\/wp-json\/wp\/v2\/pages\/31\/revisions\/6339"}],"up":[{"embeddable":true,"href":"https:\/\/kiddies.lu\/lb\/wp-json\/wp\/v2\/pages\/6"}],"wp:attachment":[{"href":"https:\/\/kiddies.lu\/lb\/wp-json\/wp\/v2\/media?parent=31"}],"curies":[{"name":"wp","href":"https:\/\/api.w.org\/{rel}","templated":true}]}}