{"id":56,"date":"2014-04-25T15:41:32","date_gmt":"2014-04-25T14:41:32","guid":{"rendered":"http:\/\/kiddies.lu\/?page_id=56"},"modified":"2026-03-25T20:04:20","modified_gmt":"2026-03-25T18:04:20","slug":"presentation","status":"publish","type":"page","link":"https:\/\/kiddies.lu\/lb\/betzdorf\/presentation\/","title":{"rendered":"Iwwert eis"},"content":{"rendered":"<p class=\"qtranxs-available-languages-message qtranxs-available-languages-message-lb\">Leider ass d\u00ebs S\u00e4it just op <a href=\"https:\/\/kiddies.lu\/de\/wp-json\/wp\/v2\/pages\/56\" class=\"qtranxs-available-language-link qtranxs-available-language-link-de\" title=\"DE\">DE<\/a>, <a href=\"https:\/\/kiddies.lu\/en\/wp-json\/wp\/v2\/pages\/56\" class=\"qtranxs-available-language-link qtranxs-available-language-link-en\" title=\"EN\">EN<\/a>, <a href=\"https:\/\/kiddies.lu\/fr\/wp-json\/wp\/v2\/pages\/56\" class=\"qtranxs-available-language-link qtranxs-available-language-link-fr\" title=\"FR\">FR<\/a> an <a href=\"https:\/\/kiddies.lu\/pt\/wp-json\/wp\/v2\/pages\/56\" class=\"qtranxs-available-language-link qtranxs-available-language-link-pt\" title=\"PT\">PT<\/a> verf\u00fcgbar.<\/p><p><iframe loading=\"lazy\" title=\"Cr\u00e8ches Kiddies - we all learn and grow together !\" src=\"https:\/\/player.vimeo.com\/video\/146025561?dnt=1&amp;app_id=122963\" width=\"500\" height=\"281\" frameborder=\"0\" allow=\"autoplay; fullscreen; picture-in-picture; clipboard-write; encrypted-media; web-share\" referrerpolicy=\"strict-origin-when-cross-origin\"><\/iframe><\/p>\n<h2><span style=\"color: #800080;\"><strong><span style=\"color: #ff6600;\">kiddies.betzdorf hat noch Pl\u00e4tze frei !<\/span><br \/>\n<\/strong><\/span><\/h2>\n<p>Bitte benutzen Sie bei Interesse unser <span style=\"color: #ff6600;\"><a style=\"color: #ff6600;\" title=\"Einschreibung\" href=\"https:\/\/kiddies.lu\/registration\/\">Kontaktformular<\/a><\/span>. Vielen Dank.<\/p>\n<h2><strong>kiddies als Partner Ihrer Familie<\/strong><\/h2>\n<p>kiddies versteht sich als Partner Ihrer Familie, um gemeinsam mit Ihnen, liebe Eltern, das Wohlbefinden, die pers\u00f6nliche Entwicklung und die ersten Schritte Ihres Kindes innerhalb der Sozialgemeinschaft zu gestalten.<\/p>\n<p style=\"text-align: left;\">Die angemessene F\u00f6rderung und Forderung der Bildungs- und Entwicklungsprozesse der Kinder steht kontinuierlich im Mittelpunkt unserer \u00dcberlegungen, kiddies als einen Ort zu gestalten, an dem die Kinder gen\u00fcgend Zeit und Mu\u00dfe finden, ihr Selbstbildungspotential umzusetzen, sowie soziale Verhaltensformen und demokratische Entscheidungsprozesse im t\u00e4glichen Miteinander zu \u00fcben.<\/p>\n<p style=\"text-align: left;\"><img decoding=\"async\" class=\"alignnone wp-image-789 size-full\" src=\"https:\/\/kiddies.lu\/wp-content\/uploads\/2014\/04\/Polaroid_001.jpg\" alt=\"\" width=\"203\" height=\"224\" \/><\/p>\n<h3 style=\"text-align: left;\"><strong>Unser umfassendes Betreuungsangebot<\/strong><\/h3>\n<p style=\"text-align: left;\">Unser Betreuungsangebot richtet sich an Familien mit Kindern im Alter von 3 Monaten bis zur Einschulung, unabh\u00e4ngig von Geschlecht, Nationalit\u00e4t oder Religion.<\/p>\n<p style=\"text-align: left;\">Unsere Betreuung orientiert sich an den Prinzipien der non-formalen Bildung mit Fr\u00fchf\u00f6rderangeboten, besonders aus den Bereichen Wahrnehmung, soziale Integration, Sprache und Gesundheit.<\/p>\n<p>Wir basieren uns in unserer p\u00e4dagogischen Arbeit auf den \u201eLeitfaden f\u00fcr p\u00e4dagogische Qualit\u00e4t von Anfang an\u201c (M.F.I. Luxemburg), die Bildungs- und Erziehungsempfehlungen Rheinlandpfalz und deren Erweiterung f\u00fcr den fr\u00fchkindlichen Bereich, sowie den \u201eLeitfaden f\u00fcr Non-Formale Bildung im Kinder- und Jugendbereich\u201c (M.F.I. Luxemburg).<\/p>\n<p>Wir werden die theoretischen Grundlagen nicht neu formulieren, sondern auf ihnen basierend die Bedeutung f\u00fcr unseren Alltag kurz beschreiben. Sie finden hier lediglich unsere Schwerpunkte ausf\u00fchrlicher beschrieben, damit Sie sich ein Bild \u00fcber unseren Alltag machen k\u00f6nnen.<\/p>\n<p>Diese konzeptuellen Ausf\u00fchrungen sind als Grundhaltung zu verstehen. Eine stetige Anpassung an aktuelle wissenschaftliche Erkenntnisse und gesellschaftliche Gegebenheiten setzen wir voraus, sie sind Grundhaltung unseres steten Bestrebens, Partner der Familie zu sein und dem Kind bestm\u00f6gliche Entwicklungschancen zu gew\u00e4hren.<\/p>\n<p><img decoding=\"async\" class=\"alignnone wp-image-801 size-full\" src=\"https:\/\/kiddies.lu\/wp-content\/uploads\/2014\/04\/Polaroid_12.jpg\" alt=\"\" width=\"203\" height=\"224\" \/><\/p>\n<h3><strong>Das kompetente Kind<\/strong><\/h3>\n<p>Kinder sind von Natur aus neugierig, wissensdurstig und lernfreudig. Sie wollen die Welt mit allen Sinnen erforschen und begreifen. F\u00fcr kiddies ist es daher wichtig, diesem Wissensdurst nachzukommen und passgenaue Angebote zu schaffen, selbst\u00e4ndiges Probieren zu f\u00f6rdern und damit vielf\u00e4ltige Lernprozesse zu erm\u00f6glichen und cerebrale Verkn\u00fcpfungen anzuregen.<\/p>\n<p>Bildungsarbeit bedeutet die Schaffung einer anregungsreichen Umwelt, in der spielerisches und soziales Lernen im Alltagsgeschehen m\u00f6glich ist.<\/p>\n<p>Das Vertrauen in Kompetenzen und Selbstbildungskr\u00e4fte der Kinder, Geduld und Interesse am Tun der Kinder sowie eine enge, vertrauensvolle Beziehung zum Kind sind dabei wichtige Grundbedingungen.<\/p>\n<p>Unser Bildungsverst\u00e4ndnis zieht sich durch alle Alltagsbereiche, durch freie und gelenkte Aktivit\u00e4ten, sowie verschiedene Schwerpunkte, wie z.B.:<\/p>\n<p>\u25ba \u201eAtelier\u201c \u2013 Malen, Formen, Gestalten, Erschaffen<\/p>\n<p>\u25ba\u201eGesellschaft\u201c\u2013 wie Menschen zusammenleben, Umgang mit Gef\u00fchlen<\/p>\n<p>\u25ba\u201eBewegung &amp; Gesundheit\u201c\u2013 K\u00f6rpererfahrung, Wahrnehmung, Ern\u00e4hrung<\/p>\n<p>\u25ba\u201eMusik\u201c\u2013 Kl\u00e4nge, Rhythmen, Melodien<\/p>\n<p>\u25ba\u201eNatur &amp; Umwelt\u201c\u2013 alle Wunder dieser Welt<\/p>\n<p>\u25ba\u201eZahlen &amp; Buchstaben\u201c\u2013 Vorl\u00e4uferfertigkeiten von Mathematik und Sprache<\/p>\n<p><img decoding=\"async\" class=\"alignnone wp-image-793 size-full\" src=\"https:\/\/kiddies.lu\/wp-content\/uploads\/2014\/04\/Polaroid_021.jpg\" alt=\"\" width=\"203\" height=\"224\" \/><\/p>\n<h3><strong>Bewegung<\/strong><\/h3>\n<p>Kinder haben ein gro\u00dfes Bed\u00fcrfnis nach Bewegung. Um diesem Bed\u00fcrfnis zu entsprechen, stehen den Kindern bei kiddies das gesamte Au\u00dfengel\u00e4nde, der Spielplatz der Grundschule Betzdorf, sowie der Turnraum und sogar das Schwimmbad des Institut St-Joseph als regelm\u00e4\u00dfiges Angebot zur Verf\u00fcgung.<\/p>\n<p>Gezielte Bewegungs- und Erfahrungsangebote in diesem Bereich unterst\u00fctzen die Kinder nicht nur in ihrer motorischen Entwicklung, sondern haben gro\u00dfe Auswirkungen auf die gesamte Wahrnehmung und zerebrale F\u00f6rderung.<\/p>\n<p>Bestimmte Bewegungen und Rhythmen f\u00f6rdern gleichzeitig viele F\u00e4higkeiten (wie z.B. die Raumwahrnehmung), die f\u00fcr einen sp\u00e4teren Schul- und Lebenserfolg unabdinglich sind.<\/p>\n<p>Neben strukturierten Bewegungsangeboten (kiddies geht w\u00f6chentlich mit den Kindern schwimmen, turnen und fast t\u00e4glich auf umliegende Spiel- und Sportpl\u00e4tze) hat die Bewegung auch im Alltag einen gro\u00dfen Stellenwert.<\/p>\n<p>So werden die festen \u201eSitzzeiten\u201c so gering wie m\u00f6glich gehalten (z.B. beim Essen) und bei vielen Aktivit\u00e4ten k\u00f6nnen die Kinder selbst entscheiden, ob sie diese sitzend, stehend oder am Boden ausf\u00fchren wollen.<\/p>\n<p><span style=\"font-family: Helvetica,Arial,sans-serif;\"><\/span><\/p>\n<h3><strong>Ern\u00e4hrung<\/strong><\/h3>\n<p>Eine ausgewogene Ern\u00e4hrung ist fester Bestandteil unserer Arbeit. Die Kinder werden dabei unterst\u00fctzt, ein gesundes Essverhalten zu entwickeln. Ern\u00e4hrung mit allen Sinnen, das bewusste Wahrnehmen von verschiedenen Ger\u00fcchen und Geschmacksvarianten spielen dabei eine zentrale Rolle. Dar\u00fcber hinaus bietet das Erleben des gemeinsamen Essens als soziale Begebenheit viele Gelegenheiten zum Erlernen von sozialen Konventionen und einem sozialen Miteinander.<\/p>\n<p>Der Men\u00fc-Service von Ansamble, unter der Aufsicht diplomierter Fachleute, liefert uns t\u00e4glich ein speziell f\u00fcr Kinder zubereitetes, abwechslungsreiches Mittagessen.<\/p>\n<p>Zus\u00e4tzlich werden bei kiddies ein Fr\u00fchst\u00fcck am Morgen sowie frisches Obst am Nachmittag zubereitet. Das Brot dazu beziehen wir von der B\u00e4ckerei Klouschterbrout, das wir immer mit den Kindern zusammen abholen gehen.<\/p>\n<p>Wir laden die Kinder immer wieder dazu ein, auch Unbekanntes zu probieren, w\u00fcrden sie aber niemals zum Essen zwingen.<\/p>\n<p>Wir achten darauf, dass die verschiedenen Bestandteile der Mahlzeit getrennt angeboten werden, damit jedes Kind seinem Geschmack und seinem Bedarf entsprechend w\u00e4hlen kann. Im festen Rhythmus werden auch Themenbuffets angeboten, um die Diversit\u00e4t innerhalb eines Lebensmittelbereiches bewusst erlebbar zu machen. Themen hierbei sind z.B. M\u00fcsli, Gem\u00fcse, Obst, Fingerfood, usw..<\/p>\n<h3><strong>Zusammenarbeit mit den Eltern<\/strong><\/h3>\n<p>Durch die Eingew\u00f6hnungsphase ist eine enge und vertrauensvolle Zusammenarbeit mit Ihnen, liebe Eltern, gut angebahnt. So werden Sie ab dem ersten Tag \u00fcber den jeweiligen Tagesverlauf Ihres Kindes genau informiert.<\/p>\n<p>Dar\u00fcber hinaus bietet kiddies regelm\u00e4\u00dfig:<\/p>\n<p>\u25ba Elternsprechtage: ausf\u00fchrliche Gespr\u00e4che \u00fcber den individuellen Bildungs- und Entwicklungsprozess des jeweiligen Kindes (zus\u00e4tzlich nach Bedarf)<\/p>\n<p>\u25ba Elternnachmittage: aktive Teilnahme am Kita-Alltag<\/p>\n<p>\u25ba Elternbegleitung: gemeinsame Aktivit\u00e4ten und Exkursionen<\/p>\n<p>\u25ba Eltern-\/Kind-Erlebnisse: Babymassage, musikalische Fr\u00fchf\u00f6rderung, Eltern-Kind-Schwimmen \u2026<\/p>\n<p>\u25ba Elternberatung: Entwicklungsberatung, Erziehungsberatung, Vermittlung zu externen Hilfsangeboten\u2026<\/p>\n<p><img decoding=\"async\" class=\"alignnone wp-image-808 size-full\" src=\"https:\/\/kiddies.lu\/wp-content\/uploads\/2014\/04\/Polaroid_Label.jpg\" alt=\"\" width=\"203\" height=\"224\" \/><\/p>\n<h3><strong>Qualit\u00e4tssicherung<\/strong><\/h3>\n<p>Die einzelnen Teammitglieder verf\u00fcgen \u00fcber verschiedenste Aus- und Weiterbildungen, welche sie erg\u00e4nzend zusammenarbeiten lassen.<\/p>\n<p>So stehen den Kindern Fachkr\u00e4fte zur Verf\u00fcgung, die \u00fcber sehr diverse, zertifizierte Kenntnisse verf\u00fcgen (z.B. Sprachf\u00f6rderung, Babymassage, Trainer f\u00fcr Kleinkindgruppen, Konzentrationstrainer, Rettungsschwimmer, Ern\u00e4hrungsberater, Elternberater, Ersthelfer, \u2026)<\/p>\n<p>\u25ba Selbst- und Fremdevaluation<\/p>\n<p>In w\u00f6chentlichen Klein- sowie monatlichen Gro\u00dfteamsitzungen wird intern \u00fcber die Qualit\u00e4t im Alltag beraten.<\/p>\n<p>Extern stellt das Ministerium f\u00fcr Familie in regelm\u00e4\u00dfigen Abst\u00e4nden Verbesserungsvorschl\u00e4ge vor.<\/p>\n<p>\u25ba Label \u201eS\u00e9cher &amp; Gesond mat System\u201c<\/p>\n<p>kiddies ist die erste Kita im Land welcher dieses gelebte, ministeriell anerkannte Qualit\u00e4tslabel, das einen sicheren und gesunden Alltag f\u00f6rdert, zuteilwurde. (www.label-sgs.lu)<\/p>","protected":false},"excerpt":{"rendered":"<p>Leider ass d\u00ebs S\u00e4it just op DE, EN, FR an PT verf\u00fcgbar. kiddies.betzdorf hat noch Pl\u00e4tze frei ! Bitte benutzen Sie bei Interesse unser Kontaktformular. Vielen Dank. kiddies als Partner Ihrer Familie kiddies versteht sich als Partner Ihrer Familie, um gemeinsam mit Ihnen, liebe Eltern, das Wohlbefinden, die pers\u00f6nliche Entwicklung und die ersten Schritte Ihres [&hellip;]<\/p>\n","protected":false},"author":3,"featured_media":0,"parent":8,"menu_order":8,"comment_status":"closed","ping_status":"closed","template":"","meta":{"footnotes":""},"class_list":["post-56","page","type-page","status-publish","hentry"],"_links":{"self":[{"href":"https:\/\/kiddies.lu\/lb\/wp-json\/wp\/v2\/pages\/56","targetHints":{"allow":["GET"]}}],"collection":[{"href":"https:\/\/kiddies.lu\/lb\/wp-json\/wp\/v2\/pages"}],"about":[{"href":"https:\/\/kiddies.lu\/lb\/wp-json\/wp\/v2\/types\/page"}],"author":[{"embeddable":true,"href":"https:\/\/kiddies.lu\/lb\/wp-json\/wp\/v2\/users\/3"}],"replies":[{"embeddable":true,"href":"https:\/\/kiddies.lu\/lb\/wp-json\/wp\/v2\/comments?post=56"}],"version-history":[{"count":174,"href":"https:\/\/kiddies.lu\/lb\/wp-json\/wp\/v2\/pages\/56\/revisions"}],"predecessor-version":[{"id":6345,"href":"https:\/\/kiddies.lu\/lb\/wp-json\/wp\/v2\/pages\/56\/revisions\/6345"}],"up":[{"embeddable":true,"href":"https:\/\/kiddies.lu\/lb\/wp-json\/wp\/v2\/pages\/8"}],"wp:attachment":[{"href":"https:\/\/kiddies.lu\/lb\/wp-json\/wp\/v2\/media?parent=56"}],"curies":[{"name":"wp","href":"https:\/\/api.w.org\/{rel}","templated":true}]}}