{"id":59,"date":"2014-04-25T15:42:50","date_gmt":"2014-04-25T14:42:50","guid":{"rendered":"http:\/\/kiddies.lu\/?page_id=59"},"modified":"2026-03-25T20:08:10","modified_gmt":"2026-03-25T18:08:10","slug":"information","status":"publish","type":"page","link":"https:\/\/kiddies.lu\/lb\/betzdorf\/information\/","title":{"rendered":"Infos"},"content":{"rendered":"<p class=\"qtranxs-available-languages-message qtranxs-available-languages-message-lb\">Leider ass d\u00ebs S\u00e4it just op <a href=\"https:\/\/kiddies.lu\/de\/wp-json\/wp\/v2\/pages\/59\" class=\"qtranxs-available-language-link qtranxs-available-language-link-de\" title=\"DE\">DE<\/a>, <a href=\"https:\/\/kiddies.lu\/en\/wp-json\/wp\/v2\/pages\/59\" class=\"qtranxs-available-language-link qtranxs-available-language-link-en\" title=\"EN\">EN<\/a>, <a href=\"https:\/\/kiddies.lu\/fr\/wp-json\/wp\/v2\/pages\/59\" class=\"qtranxs-available-language-link qtranxs-available-language-link-fr\" title=\"FR\">FR<\/a> an <a href=\"https:\/\/kiddies.lu\/pt\/wp-json\/wp\/v2\/pages\/59\" class=\"qtranxs-available-language-link qtranxs-available-language-link-pt\" title=\"PT\">PT<\/a> verf\u00fcgbar.<\/p><p><iframe loading=\"lazy\" title=\"Cr\u00e8ches Kiddies - we all learn and grow together !\" src=\"https:\/\/player.vimeo.com\/video\/146025561?dnt=1&amp;app_id=122963\" width=\"500\" height=\"281\" frameborder=\"0\" allow=\"autoplay; fullscreen; picture-in-picture; clipboard-write; encrypted-media; web-share\" referrerpolicy=\"strict-origin-when-cross-origin\"><\/iframe><\/p>\n<h2><span style=\"color: #800080;\"><strong><span style=\"color: #ff6600;\">kiddies.betzdorf hat noch Pl\u00e4tze frei !<\/span><br \/>\n<\/strong><\/span><\/h2>\n<p>Bitte benutzen Sie bei Interesse unser <span style=\"color: #ff6600;\"><a style=\"color: #ff6600;\" title=\"Einschreibung\" href=\"https:\/\/kiddies.lu\/registration\/\">Kontaktformular<\/a><\/span>. Vielen Dank.<\/p>\n<h2><strong>Was Sie wissen sollten<\/strong><\/h2>\n<p><strong>Unsere \u00d6ffnungszeiten<\/strong><\/p>\n<p style=\"text-align: left;\">kiddies.betzdorf hat t\u00e4glich, au\u00dfer an den gesetzlichen Feiertagen, von <strong>Montag bis Freitag<\/strong>, von <strong>07:00 bis 18:30 Uhr<\/strong> ge\u00f6ffnet.<\/p>\n<h3 style=\"text-align: left;\"><strong>Unsere Men\u00fcs<\/strong><\/h3>\n<p style=\"text-align: left;\">Der Men\u00fc-Service von Ansamble, unter der Aufsicht diplomierter Fachleute, liefert uns t\u00e4glich ein speziell f\u00fcr Kinder zubereitetes, abwechslungsreiches Mittagessen.<\/p>\n<h3><strong><\/strong><\/h3><ul class=\"menu_cycle_list\"><li><a target=\"_blank\" href=\"https:\/\/kiddies.lu\/wp-content\/uploads\/2025\/12\/2026-SEM-02-LUX.pdf\">Cycle 1<\/a><\/li><li><a target=\"_blank\" href=\"https:\/\/kiddies.lu\/wp-content\/uploads\/2025\/12\/2026-SEM-03-LUX.pdf\">Cycle 2<\/a><\/li><li><a target=\"_blank\" href=\"https:\/\/kiddies.lu\/wp-content\/uploads\/2025\/12\/2026-SEM-04-LUX.pdf\">Cycle 3<\/a><\/li><li><a target=\"_blank\" href=\"https:\/\/kiddies.lu\/wp-content\/uploads\/2025\/12\/2026-SEM-05-LUX.pdf\">Cycle 4<\/a><\/li><\/ul>\n<h3><strong>Die Eingew\u00f6hnung<\/strong><\/h3>\n<p>Die zwei- bis drei w\u00f6chige Eingew\u00f6hnungsphase ist obligatorischer Bestandteil unserer p\u00e4dagogischen Grundhaltung, denn sie erm\u00f6glicht Kind und Eltern einen schonenden \u00dcbergang in eine neue Entwicklungsphase.<\/p>\n<p>kiddies arbeitet nach dem Berliner Modell, welches Bed\u00fcrfnisse, Rituale und M\u00f6glichkeiten von Eltern und Kind ber\u00fccksichtigt und diese bestm\u00f6glich in den Kita-Alltag mit einbezieht.<\/p>\n<p>Gleichzeitig erlaubt dies den Eltern, den Betreuungsalltag in der Kita kennenzulernen und die Bezugserzieherin tats\u00e4chlich zu einer Bezugsperson werden zu lassen \u2013 f\u00fcr die Eltern und f\u00fcrs Kind!<\/p>\n<p>Das Modell verdeutlicht die Grundhaltung und die Wichtigkeit einer strukturierten und kleinschrittigen Eingew\u00f6hnungszeit, wird aber jedem Kind und seiner Familie individuell angepasst.<\/p>\n<h3><strong>Wenn aus Mini, Maxi wird<\/strong><\/h3>\n<p>Der Gruppenwechsel von den Minis zu den Maxis wird intern von der Bezugserzieherin begleitet. Der Wechsel erfolgt auch hier langsam und behutsam (begleitete Aktivit\u00e4ten \u2013 Essen \u2013 schlafen), zu einem Zeitpunkt (meist zwischen 20 und 28 Monaten), die dem individuellen Entwicklungsland des Kindes entspricht. Nur so kann gew\u00e4hrleistet bleiben, dass das Kind von der neuen Situation profitiert, es gefordert, aber nicht \u00fcberfordert wird. Auch hier spielt der\u00a0Einbezug von Ihnen, liebe Eltern, eine wichtige Rolle, verbunden mit individuellen Gespr\u00e4chen.<\/p>\n<p>Sehr bewusst arbeiten wir lediglich mit zwei Altersgruppen, um den Kindern keinen unn\u00f6tigen Wechsel der Bezugspersonen zuzumuten. Dies ist die logische Konsequenz der aktuellen Bindungsforschung.<\/p>\n<p><img decoding=\"async\" class=\"alignnone wp-image-791 size-full\" src=\"https:\/\/kiddies.lu\/wp-content\/uploads\/2014\/04\/Polaroid_011.jpg\" alt=\"\" width=\"203\" height=\"224\" \/><\/p>\n<h3><strong>Unser Team in Betzdorf<\/strong><\/h3>\n<p>Die p\u00e4dagogische Verantwortung der Kindertagesst\u00e4tte unterliegt einer diplomierten Leiterin, die von ausgebildeten Erzieherinnen und Hilfskr\u00e4ften unterst\u00fctzt wird.<\/p>\n<p>Das Betreuungsteam besteht konkret aus:<\/p>\n<p>\u25ba Minis: 1 Gruppenleitung, 1 Fachkraft, 1 Hilfskraft, 1 Praktikantin<\/p>\n<p>\u25ba Maxis: 2 Gruppenleitungen, 2 Fachkr\u00e4fte, 1 Jahrespraktikantin<\/p>\n<p>\u25ba 1 Putzfrau (ganztags)<\/p>\n<p>Zus\u00e4tzlich begleitet kiddies nach M\u00f6glichkeit Praktikanten\/ Fachobersch\u00fcler w\u00e4hrend ihrer p\u00e4dagogischen Ausbildung, sowie qualifizierte Menschen bei ihrer Reintegration ins Arbeitsleben.<\/p>\n<h3><strong>Unsere R\u00e4ume <\/strong>(sind Bildungsr\u00e4ume)<\/h3>\n<p>Sie bieten den Kindern Gelegenheit, aktiv ihren individuellen Bildungs- und Entwicklungsprozess zu gestalten.<\/p>\n<p>Dies wird unterst\u00fctzt durch das bewusste Schaffen von Angeboten in einer anregenden Lernumgebung.<\/p>\n<p>Das kiddies.betzdorf (Bildungs-)Raumangebot umfasst:<\/p>\n<p>\u25ba Erdgeschoss: 2 Kreativ- und Lebensr\u00e4ume, 2 Ruher\u00e4ume, 1 Sanit\u00e4rlandschaft<\/p>\n<p>\u25ba Obergeschoss: 2 Kreativ- und Lebensr\u00e4ume, 3 Ruher\u00e4ume, 1 Stillraum, 1 Sanit\u00e4rlandschaft<\/p>\n<p>\u25ba gro\u00dfes Au\u00dfengel\u00e4nde, erg\u00e4nzt durch die Nutzung der \u00f6rtlichen Infrastruktur mit Schwimmbad, Sport- und Spielplatz (Institut St.-Joseph)<\/p>\n<p><span style=\"font-family: Helvetica,Arial,sans-serif;\"><span style=\"font-family: Helvetica,Arial,sans-serif;\"><div class='content-column one_third'><img decoding=\"async\" class=\"alignnone wp-image-797 size-full\" src=\"https:\/\/kiddies.lu\/wp-content\/uploads\/2014\/04\/Polaroid_04.jpg\" alt=\"\" width=\"203\" height=\"224\" \/><\/div> <\/span><span style=\"font-family: Helvetica,Arial,sans-serif;\"><div class='content-column one_third'><img decoding=\"async\" class=\"alignnone wp-image-795 size-full\" src=\"https:\/\/kiddies.lu\/wp-content\/uploads\/2014\/04\/Polaroid_031.jpg\" alt=\"\" width=\"203\" height=\"224\" \/><\/div><span style=\"font-family: Helvetica,Arial,sans-serif;\"><span style=\"font-family: Helvetica,Arial,sans-serif;\"><div class='content-column one_third'><img decoding=\"async\" class=\"alignnone wp-image-799 size-full\" src=\"https:\/\/kiddies.lu\/wp-content\/uploads\/2014\/04\/Polaroid_05.jpg\" alt=\"\" width=\"203\" height=\"224\" \/><\/span><\/span><\/span><\/span><\/p>\n<p>&nbsp;<\/p>","protected":false},"excerpt":{"rendered":"<p>Leider ass d\u00ebs S\u00e4it just op DE verf\u00fcgbar. kiddies.betzdorf hat noch Pl\u00e4tze frei ! Bitte benutzen Sie bei Interesse unser Kontaktformular. Vielen Dank. Was Sie wissen sollten Unsere \u00d6ffnungszeiten kiddies.betzdorf hat t\u00e4glich, au\u00dfer an den gesetzlichen Feiertagen, von Montag bis Freitag, von 07:00 bis 18:30 Uhr ge\u00f6ffnet. Unsere Men\u00fcs Der Men\u00fc-Service von Ansamble, unter der [&hellip;]<\/p>\n","protected":false},"author":3,"featured_media":0,"parent":8,"menu_order":12,"comment_status":"closed","ping_status":"closed","template":"page-infos.php","meta":{"footnotes":""},"class_list":["post-59","page","type-page","status-publish","hentry"],"_links":{"self":[{"href":"https:\/\/kiddies.lu\/lb\/wp-json\/wp\/v2\/pages\/59","targetHints":{"allow":["GET"]}}],"collection":[{"href":"https:\/\/kiddies.lu\/lb\/wp-json\/wp\/v2\/pages"}],"about":[{"href":"https:\/\/kiddies.lu\/lb\/wp-json\/wp\/v2\/types\/page"}],"author":[{"embeddable":true,"href":"https:\/\/kiddies.lu\/lb\/wp-json\/wp\/v2\/users\/3"}],"replies":[{"embeddable":true,"href":"https:\/\/kiddies.lu\/lb\/wp-json\/wp\/v2\/comments?post=59"}],"version-history":[{"count":180,"href":"https:\/\/kiddies.lu\/lb\/wp-json\/wp\/v2\/pages\/59\/revisions"}],"predecessor-version":[{"id":6358,"href":"https:\/\/kiddies.lu\/lb\/wp-json\/wp\/v2\/pages\/59\/revisions\/6358"}],"up":[{"embeddable":true,"href":"https:\/\/kiddies.lu\/lb\/wp-json\/wp\/v2\/pages\/8"}],"wp:attachment":[{"href":"https:\/\/kiddies.lu\/lb\/wp-json\/wp\/v2\/media?parent=59"}],"curies":[{"name":"wp","href":"https:\/\/api.w.org\/{rel}","templated":true}]}}