{"id":218,"date":"2014-06-05T17:38:09","date_gmt":"2014-06-05T15:38:09","guid":{"rendered":"http:\/\/kiddies.lu\/?page_id=218"},"modified":"2026-03-25T20:06:08","modified_gmt":"2026-03-25T18:06:08","slug":"praktische-infos","status":"publish","type":"page","link":"https:\/\/kiddies.lu\/pt\/mertzig\/praktische-infos\/","title":{"rendered":"Info"},"content":{"rendered":"<p>https:\/\/vimeo.com\/146025564<\/p>\n<h2 id=\"tw-target-text\" class=\"tw-data-text vk_txt tw-ta tw-text-medium\" dir=\"ltr\" data-placeholder=\"\u00dcbersetzung\"><span lang=\"pt\" style=\"color: #00ccff;\"><strong>kiddies.mertzig tem ainda vagas dispon\u00edveis !<\/strong><br \/>\n<\/span><\/h2>\n<p><span lang=\"pt\">Por favor, use o nosso <span style=\"color: #00ccff;\"><a style=\"color: #00ccff;\" href=\"https:\/\/kiddies.lu\/registration\/\">formul\u00e1rio de contato<\/a><\/span> se voc\u00ea estiver interessado. Obrigado.<\/span><\/p>\n<h2><strong>O que lhes interessa<\/strong><\/h2>\n<h3><strong>Nosso hor\u00e1rio de funcionamento<br \/>\n<\/strong><\/h3>\n<p>kiddies.mertzig est\u00e1 aberto de <strong>segunda a sexta-feira das 7:00 as 18:30<\/strong>.<\/p>\n<p>Encerra aos s\u00e1bados, domingos e feriados.<\/p>\n<h3><strong>Nossas refei\u00e7\u00f5es<\/strong><\/h3>\n<p>O menu da Ansamble, elaborado sob a supervis\u00e3o de especialistas qualificados, oferece diariamente refei\u00e7\u00f5es variadas e adaptadas \u00e0s necessidades nutricionais das crian\u00e7as.<br \/>\nEles garantem a termos uma escolha variada.<\/p>\n<h3><strong><\/strong><\/h3><ul class=\"menu_cycle_list\"><li><a target=\"_blank\" href=\"https:\/\/kiddies.lu\/wp-content\/uploads\/2025\/12\/2026-SEM-02-LUX.pdf\">Ciclo 1<\/a><\/li><li><a target=\"_blank\" href=\"https:\/\/kiddies.lu\/wp-content\/uploads\/2025\/12\/2026-SEM-03-LUX.pdf\">Ciclo 2<\/a><\/li><li><a target=\"_blank\" href=\"https:\/\/kiddies.lu\/wp-content\/uploads\/2025\/12\/2026-SEM-04-LUX.pdf\">Ciclo 3<\/a><\/li><li><a target=\"_blank\" href=\"https:\/\/kiddies.lu\/wp-content\/uploads\/2025\/12\/2026-SEM-05-LUX.pdf\">Ciclo 4<\/a><\/li><\/ul>\n<h3><strong>Adapta\u00e7\u00e3o<\/strong><\/h3>\n<p>Um per\u00edodo de adapta\u00e7\u00e3o de 2 a 3 semanas faz parte integrante do conceito da nossa institui\u00e7\u00e3o e permite a crian\u00e7a e para v\u00f3s, queridos pais, uma transi\u00e7\u00e3o suave para uma nova fase de desenvolvimento.<\/p>\n<p>Kiddies funciona a partir do modelo de Berlim, que leva em conta as necessidades, os rituais e as formas de as crian\u00e7as e os pais, introduzindo-os para o trabalho semanal da creche.<\/p>\n<p>Ao mesmo tempo permite aos pais para terem uma id\u00e9ia do trabalho di\u00e1rio \u00e9 d\u2019entrar em contato com a educadora de seu (s) filho (s).<\/p>\n<p>Este modelo ilustra a nossa abordagem b\u00e1sica e da\u00ed a import\u00e2ncia deste per\u00edodo com a sua estrutura de aclimatiza\u00e7\u00e3o que \u00e9 adaptado individualmente para cada crian\u00e7a.<\/p>\n<h3><strong>De mini a maxi<\/strong><\/h3>\n<p>A mudan\u00e7a dos minis para os maxis \u00e9 um processo de acompagnamento pela educadora de refer\u00eancia. Esta mudan\u00e7a ocorre lentamente (actividades juntos &#8211; refei\u00e7\u00f5es \u2013 sesta ), normalmente entre a idade dos 20 aos 28 meses, dependendo do desenvolvimento infantil. Assim, podemos garantir que a crian\u00e7a possa aproveitar essa mudan\u00e7a em nossa institui\u00e7\u00e3o. Durante este per\u00edodo de transi\u00e7\u00e3o, h\u00e1 reuni\u00f5es regulares com os pais.<\/p>\n<p>Optamos por trabalhar com dois grupos de idades que nos permite minimizar a mudan\u00e7a para as crian\u00e7as e especialmente com a educadora de referencia . Esta \u00e9 a consequ\u00eancia l\u00f3gica resultante da uma pesquisa atual.<\/p>\n<p><img decoding=\"async\" class=\"alignnone wp-image-791 size-full\" src=\"https:\/\/kiddies.lu\/wp-content\/uploads\/2014\/04\/Polaroid_011.jpg\" alt=\"\" width=\"203\" height=\"224\" \/><\/p>\n<h3><strong>Nossa equipa em Mertzig<\/strong><\/h3>\n<p>A responsabilidade pela Kiddies creche est\u00e1 sobre a carga de uma educadora pedag\u00f3gica qualificada, que \u00e9 assistida por educadoras qualificadas.<br \/>\nA equipa pedag\u00f3gica \u00e9 composta da seguinte forma:<\/p>\n<p>\u25ba Minis: 1 l\u00edder do grupo, 1 educadora, 1 assistente-educadora<\/p>\n<p>\u25ba Maxis: 2 l\u00edderes do grupo, 2 educadoras, 1 estagi\u00e1ria<\/p>\n<p>\u25ba 1 empregada dom\u00e9stica (tarefa completa)<\/p>\n<p>Al\u00e9m disso, de acordo com as possibilidades Kiddies acompanha estagi\u00e1rias (os) e pessoas qualificadas em programas de reabilita\u00e7\u00e3o profissional.<\/p>\n<h3><strong>Nossa infra-estrutura, espa\u00e7os educativos<\/strong><\/h3>\n<p>Nossos espa\u00e7os educativos oferecem a oportunidade para que as crian\u00e7as possam criar seu processo de desenvolvimento educacional.<\/p>\n<p>Os arredores e ambiente s\u00e3o projetados para estimular este processo.<\/p>\n<p>Infra-estrutura Kiddies em Mertzig incluem:<\/p>\n<p>\u25ba Res do ch\u00e3o: 4 salas de criatividade, 2 salas de descanso, uma sala de amamenta\u00e7\u00e3o, 2 casas de banho higiene<\/p>\n<p>\u25ba uma grande \u00e1rea ao ar livre (jardim), complementada pelo u<span lang=\"pt\">so de infra-estrutura local , com piscina (Nordpool em Colmar-Berg), do terreno e do sal\u00e3o de esportes<\/span>.<\/p>\n<p><span style=\"font-family: Helvetica,Arial,sans-serif;\"><div class='content-column one_third'><\/div><img decoding=\"async\" class=\"alignnone wp-image-797 size-full\" src=\"https:\/\/kiddies.lu\/wp-content\/uploads\/2014\/04\/Polaroid_04.jpg\" alt=\"\" width=\"203\" height=\"224\" \/><\/div> <div class='content-column one_third'><img decoding=\"async\" class=\"alignnone wp-image-795 size-full\" src=\"https:\/\/kiddies.lu\/wp-content\/uploads\/2014\/04\/Polaroid_031.jpg\" alt=\"\" width=\"203\" height=\"224\" \/><\/div><div class='content-column one_third'><\/div><img decoding=\"async\" class=\"alignnone wp-image-799 size-full\" src=\"https:\/\/kiddies.lu\/wp-content\/uploads\/2014\/04\/Polaroid_05.jpg\" alt=\"\" width=\"203\" height=\"224\" \/><\/span><\/p>","protected":false},"excerpt":{"rendered":"<p>Desculpe, este conte\u00fado s\u00f3 est\u00e1 dispon\u00edvel em DE.https:\/\/vimeo.com\/146025564 kiddies.mertzig hat noch Pl\u00e4tze frei ! Bitte benutzen Sie bei Interesse unser Kontaktformular. Vielen Dank. Was Sie wissen sollten Unsere \u00d6ffnungszeiten kiddies.mertzig hat t\u00e4glich, au\u00dfer an den gesetzlichen Feiertagen, von Montag bis Freitag, von 07:00 bis 18:30 Uhr ge\u00f6ffnet. Unsere Men\u00fcs Der Men\u00fc-Service von Ansamble, unter der [&hellip;]<\/p>\n","protected":false},"author":3,"featured_media":0,"parent":15,"menu_order":12,"comment_status":"closed","ping_status":"closed","template":"page-infos.php","meta":{"footnotes":""},"class_list":["post-218","page","type-page","status-publish","hentry"],"_links":{"self":[{"href":"https:\/\/kiddies.lu\/pt\/wp-json\/wp\/v2\/pages\/218","targetHints":{"allow":["GET"]}}],"collection":[{"href":"https:\/\/kiddies.lu\/pt\/wp-json\/wp\/v2\/pages"}],"about":[{"href":"https:\/\/kiddies.lu\/pt\/wp-json\/wp\/v2\/types\/page"}],"author":[{"embeddable":true,"href":"https:\/\/kiddies.lu\/pt\/wp-json\/wp\/v2\/users\/3"}],"replies":[{"embeddable":true,"href":"https:\/\/kiddies.lu\/pt\/wp-json\/wp\/v2\/comments?post=218"}],"version-history":[{"count":37,"href":"https:\/\/kiddies.lu\/pt\/wp-json\/wp\/v2\/pages\/218\/revisions"}],"predecessor-version":[{"id":6355,"href":"https:\/\/kiddies.lu\/pt\/wp-json\/wp\/v2\/pages\/218\/revisions\/6355"}],"up":[{"embeddable":true,"href":"https:\/\/kiddies.lu\/pt\/wp-json\/wp\/v2\/pages\/15"}],"wp:attachment":[{"href":"https:\/\/kiddies.lu\/pt\/wp-json\/wp\/v2\/media?parent=218"}],"curies":[{"name":"wp","href":"https:\/\/api.w.org\/{rel}","templated":true}]}}