{"id":56,"date":"2014-04-25T15:41:32","date_gmt":"2014-04-25T14:41:32","guid":{"rendered":"http:\/\/kiddies.lu\/?page_id=56"},"modified":"2026-03-25T20:04:20","modified_gmt":"2026-03-25T18:04:20","slug":"presentation","status":"publish","type":"page","link":"https:\/\/kiddies.lu\/pt\/betzdorf\/presentation\/","title":{"rendered":"Sobre n\u00f3s"},"content":{"rendered":"<p><iframe loading=\"lazy\" title=\"Cr\u00e8ches Kiddies - we all learn and grow together !\" src=\"https:\/\/player.vimeo.com\/video\/146025561?dnt=1&amp;app_id=122963\" width=\"500\" height=\"281\" frameborder=\"0\" allow=\"autoplay; fullscreen; picture-in-picture; clipboard-write; encrypted-media; web-share\" referrerpolicy=\"strict-origin-when-cross-origin\"><\/iframe><\/p>\n<h2 id=\"tw-target-text\" class=\"tw-data-text vk_txt tw-ta tw-text-medium\" dir=\"ltr\" data-placeholder=\"\u00dcbersetzung\"><span lang=\"pt\" style=\"color: #800080;\"><strong><span style=\"color: #ff6600;\">kiddies.betzdorf tem ainda vagas dispon\u00edveis !<\/span><\/strong><br \/>\n<\/span><\/h2>\n<p><span lang=\"pt\">Por favor, use o nosso <span style=\"color: #ff6600;\"><a style=\"color: #ff6600;\" href=\"https:\/\/kiddies.lu\/registration\/\">formul\u00e1rio de contato<\/a><\/span> se voc\u00ea estiver interessado. Obrigado.<\/span><\/p>\n<h2>kiddies como parceiro da sua fam\u00edlia<\/h2>\n<p>Kiddies v\u00ea-se como um parceiro da sua fam\u00edlia. Juntamente convosco, queridos pais, n\u00f3s cuidamos do bem-estar, do desenvolvimento pessoal e dos primeiros passos do seu filho em seu c\u00edrculo social.<\/p>\n<p>A promo\u00e7\u00e3o do processo de educa\u00e7\u00e3o e do desenvolvimento das crian\u00e7as fazem parte constantemente do nosso pensamento, para Kiddies um lugar onde as crian\u00e7as possam encontrar tempo suficiente e espa\u00e7o para florescer. Eles aprendem, a id\u00e9ia de participa\u00e7\u00e3o e da tomada de decis\u00e3o democr\u00e1tica, as habilidades sociais necess\u00e1rias.<\/p>\n<p style=\"text-align: left;\"><img decoding=\"async\" class=\"alignnone wp-image-824 size-full\" src=\"https:\/\/kiddies.lu\/wp-content\/uploads\/2014\/04\/Polaroid_14.jpg\" alt=\"\" width=\"203\" height=\"224\" \/><\/p>\n<h3>Nossos servi\u00e7os de suporte<\/h3>\n<p>Nossos servi\u00e7os s\u00e3o dirigidos as fam\u00edlias com crian\u00e7as de tr\u00eas meses at\u00e9 a idade escolar, independentemente do sexo, nacionalidade ou religi\u00e3o.<\/p>\n<p>Nosso sistema de sa\u00fade \u00e9 baseado nos princ\u00edpios da educa\u00e7\u00e3o n\u00e3o formal e servi\u00e7os de interven\u00e7\u00e3o precoce inclu\u00eddas, especialmente nas \u00e1reas de percep\u00e7\u00e3o, integra\u00e7\u00e3o social, l\u00edngua e sa\u00fade.<\/p>\n<p>Nosso trabalho educativo \u00e9 baseado no guia &#8220;Leitfaden f\u00fcr Qualit\u00e4t P\u00e4dagogische von Anfang an&#8221; (MFI Luxemburgo), bem como recomenda\u00e7\u00f5es educativas e pedag\u00f3gicas da Ren\u00e2nia (Alemanha) e sua extens\u00e3o para o campo da primeira inf\u00e2ncia, e as recomenda\u00e7\u00f5es do MFI em educa\u00e7\u00e3o n\u00e3o formal para crian\u00e7as e jovens.<\/p>\n<p>Estes fundamentos te\u00f3ricos s\u00e3o postos em pr\u00e1tica durante a nossa vida di\u00e1ria dentro da nossa institui\u00e7\u00e3o. Aqui v\u00e3o os pontos mais importantes para que voc\u00ea possa ter uma id\u00e9ia sobre nossas vidas di\u00e1rias.<\/p>\n<p>Estes modelos conceituais devem ser vistos como a nossa principal forma de trabalhar. Um ajuste cont\u00ednuo do conhecimento profissional dos nossos funcion\u00e1rios para as realidades da sociedade de hoje \u00e9 crucial para a Kiddies. Esta flexibilidade \u00e9 importante para n\u00f3s,para garantir uma boa coopera\u00e7\u00e3o com voc\u00eas, queridos pais, proporcionando \u00e0 crian\u00e7a as melhores oportunidades de desenvolvimento poss\u00edveis.<\/p>\n<p><img decoding=\"async\" class=\"alignnone wp-image-821 size-full\" src=\"https:\/\/kiddies.lu\/wp-content\/uploads\/2014\/04\/Polaroid_11.jpg\" alt=\"\" width=\"203\" height=\"224\" \/><\/p>\n<h3>A crian\u00e7a competente<\/h3>\n<p>Por defini\u00e7\u00e3o crian\u00e7as s\u00e3o curiosas e ansiosas para aprender. Elas querem explorar o mundo com todos os seus sentidos. \u00c9 importante para Kiddies de se conformar com esta sede de conhecimento e criar ofertas sob medidas para promover a independ\u00eancia das crian\u00e7as.<\/p>\n<p>Um trabalho educativo importante \u00e9 a cria\u00e7\u00e3o de um ambiente rico e est\u00edmulado que torna o aprendizagem uma divers\u00e3o poss\u00edvel.<\/p>\n<p>A confian\u00e7a na auto-educa\u00e7\u00e3o dos filhos, a paci\u00eancia e o interesse no acompagnamento das crian\u00e7as com a estreita rela\u00e7\u00e3o com a crian\u00e7a s\u00e3o importantes.<\/p>\n<p>A nossa compreens\u00e3o da educa\u00e7\u00e3o permeia todos os aspectos da vida di\u00e1ria, atrav\u00e9s do jogo livre, bem como atividades semi-estruturados, tais como:<\/p>\n<p>\u25ba &#8220;Workshop&#8221; &#8211; pintura, formas, design,crea\u00e7\u00e3o<\/p>\n<p>\u25ba &#8220;Companhia&#8221; &#8211; a vida da comunidade, gest\u00e3o de emo\u00e7\u00e3o<\/p>\n<p>\u25ba &#8220;Movimentos e Sa\u00fade&#8221; &#8211; a experi\u00eancia do corpo, percep\u00e7\u00e3o, alimenta\u00e7\u00e3o saud\u00e1vel<\/p>\n<p>\u25ba &#8220;<span lang=\"PT\">M\u00fasica<\/span>&#8221; &#8211; sons, ritmos, melodias<\/p>\n<p>\u25ba &#8220;Natureza e Ambiente&#8221; &#8211; as maravilhas do mundo<\/p>\n<p>\u25ba &#8220;N\u00fameros e Letras&#8221; &#8211; o in\u00edcio dos c\u00e1lculos e linguagem<\/p>\n<p><img decoding=\"async\" class=\"alignnone wp-image-844 size-full\" src=\"https:\/\/kiddies.lu\/wp-content\/uploads\/2014\/05\/Polaroid_22.jpg\" alt=\"\" width=\"203\" height=\"224\" \/><\/p>\n<h3>Movimento<\/h3>\n<p>As crian\u00e7as tenhem uma grande necessidade de se mover. Para atender a essa necessidade, toda a \u00e1rea externa da Kiddies est\u00e1 dispon\u00edvel para elas e cheia de jogos assim como um campo desportivo pr\u00f3ximo, bem como a airtramp comunal.<\/p>\n<p>Estes movimentos espec\u00edficos n\u00e3o s\u00f3 tehem um efeito positivo sobre o desenvolvimento motor das crian\u00e7as, mas tamb\u00e9m estimulam o desenvolvimento do c\u00e9rebro.<\/p>\n<p>Alguns movimentos e ritmos estimulam simultaneamente diferentes habilidades (por exemplo, percep\u00e7\u00e3o do espa\u00e7o) que s\u00e3o essenciais durante a escolaridade.<\/p>\n<p>Al\u00e9m das atividades estruturadas (Kiddies vai todas as semanas <span lang=\"pt\">nadar com as crian\u00e7as, gin\u00e1stica e quase <\/span>quase todos os dias ao jardim de jogos e terreno de esporto) moverem se para uma import\u00e2ncia muito grande na vida cotidiana.<\/p>\n<p>Nos intervalos em que as crian\u00e7as s\u00e3o for\u00e7adas a sentar-se (por exemplo, durante as refei\u00e7\u00f5es) s\u00e3o reduzidos ao m\u00ednimo. Durante as atividades as crian\u00e7as tenhem a op\u00e7\u00e3o de se sentar, de ficarem de p\u00e9 ou de se assentarem no ch\u00e3o.<\/p>\n<h3>Nutri\u00e7\u00e3o<\/h3>\n<p>Uma alimenta\u00e7\u00e3o equilibrada tamb\u00e9m faz parte do nosso trabalho. Na Kiddies as crian\u00e7as s\u00e3o ajudadas a desenvolver h\u00e1bitos alimentares saud\u00e1veis. A fonte de alimenta\u00e7\u00e3o atrav\u00e9s dos sentidos, percep\u00e7\u00e3o de diferentes aromas e sabores diferentes desempenha um papel fundamental. Al\u00e9m disso, a experi\u00eancia de comer juntos em conjunto de uma mesa promove a aprendizagem em diferentes conven\u00e7\u00f5es sociais e intera\u00e7\u00f5es.<\/p>\n<p>O menu da Ansamble, elaborado sob a supervis\u00e3o de especialistas qualificados, oferece diariamente refei\u00e7\u00f5es variadas e adaptadas \u00e0s necessidades nutricionais das crian\u00e7as.<\/p>\n<p>Al\u00e9m disso, o pequeno almo\u00e7o e lanche a base de frutas s\u00e3o preparados diariamente na Kiddies.<br \/>\nO p\u00e3o fresco \u00e9 comprado na padaria local com as crian\u00e7as.<\/p>\n<p>Na Kiddies as crian\u00e7as s\u00e3o sempre convidadas para saborear a comida feita para eles, mas eles nunca ser\u00e3o obrigados a com\u00ea-la.<\/p>\n<p>Os v\u00e1rios componentes dos pratos s\u00e3o apresentados separamente para que cada crian\u00e7a possa escolher entre seus pr\u00f3prios gostos.<\/p>\n<p>Buffets tem\u00e1ticos est\u00e3o dispon\u00edveis regularmente, a fim de oferecer uma grande diversidade na escolha de pratos. Estes temas v\u00e3o de cereais, legumes, frutas e fingerfood por exemplo.<br \/>\nCoopera\u00e7\u00e3o com os pais<br \/>\nQueridos pais, com um per\u00edodo experimental uma estreita rela\u00e7\u00e3o de confian\u00e7a pode ser instalado. Assim, voc\u00eas sao informados diariamente sobre o andamento do dia.<\/p>\n<p>Kiddies oferece regularmente:<\/p>\n<p>\u25ba Dia dos pais : discuss\u00f5es sobre o processo da educa\u00e7\u00e3o e desenvolvimento individual de cada crian\u00e7a<\/p>\n<p>\u25ba Tarde dos pais : participa\u00e7\u00e3o ativa no cotidiano da creche<\/p>\n<p>\u25ba Acompanhamento com os pais: atividades conjuntas e excurs\u00f5es<\/p>\n<p>\u25ba Experi\u00eancia para pais e filhos: massagem para beb\u00e9s, despertar musical precoce, nata\u00e7\u00e3o pai-filho<\/p>\n<p>\u25ba Conselho para os pais : conselhos em rela\u00e7\u00e3o ao desenvolvimento da crian\u00e7a, bem como em rela\u00e7\u00e3o \u00e0 educa\u00e7\u00e3o<\/p>\n<p><img decoding=\"async\" class=\"alignnone wp-image-808 size-full\" src=\"https:\/\/kiddies.lu\/wp-content\/uploads\/2014\/04\/Polaroid_Label.jpg\" alt=\"\" width=\"203\" height=\"224\" \/><\/p>\n<h3>Qualidade e seguran\u00e7a<\/h3>\n<p>Todos os membros da equipa tenhem seguido forma\u00e7\u00f5es diferentes na area da educa\u00e7\u00e3o que lhes permite trabalhar em complemento.<\/p>\n<p>Assim, as crian\u00e7as s\u00e3o confrontadas com profissionais com conhecimentos em diversas \u00e1reas de ensino (por exemplo, o desenvolvimento da linguagem, massagem para beb\u00e9s, a forma\u00e7\u00e3o do grupo beb\u00ea, treinamento em concentra\u00e7\u00e3o, os nadadores -salvadores, nutricionistas, consultor de pais, salva-vidas, &#8230;).<\/p>\n<p>\u25ba A auto-avalia\u00e7\u00e3o e de avalia\u00e7\u00e3o externa<\/p>\n<p>Em reuni\u00f5es de equipa semanais, bem como uma grande reuni\u00e3o mensal da qualidade do trabalho \u00e9 auto-avaliado.<\/p>\n<p>O Minist\u00e9rio da Fam\u00edlia \u00e9 o \u00f3rg\u00e3o de supervis\u00e3o externa que apresenta propostas para melhorar o trabalho na \u00e1rea da primeira inf\u00e2ncia.<\/p>\n<p>\u25ba Label &#8220;S\u00e9cher &amp; Gesond mat System&#8221;<\/p>\n<p>Kiddies \u00e9 a primeira creche no Luxemburgo, que det\u00e9m o r\u00f3tulo de &#8220;S\u00e9cher &amp; Gesond mat System&#8221;, um r\u00f3tulo atribu\u00eddo a institui\u00e7\u00f5es que investigam principalmente em seguran\u00e7a e sa\u00fade no trabalho. (www.label-sgs.lu)<\/p>","protected":false},"excerpt":{"rendered":"<p>kiddies.betzdorf tem ainda vagas dispon\u00edveis ! Por favor, use o nosso formul\u00e1rio de contato se voc\u00ea estiver interessado. Obrigado. kiddies como parceiro da sua fam\u00edlia Kiddies v\u00ea-se como um parceiro da sua fam\u00edlia. Juntamente convosco, queridos pais, n\u00f3s cuidamos do bem-estar, do desenvolvimento pessoal e dos primeiros passos do seu filho em seu c\u00edrculo social. [&hellip;]<\/p>\n","protected":false},"author":3,"featured_media":0,"parent":8,"menu_order":8,"comment_status":"closed","ping_status":"closed","template":"","meta":{"footnotes":""},"class_list":["post-56","page","type-page","status-publish","hentry"],"_links":{"self":[{"href":"https:\/\/kiddies.lu\/pt\/wp-json\/wp\/v2\/pages\/56","targetHints":{"allow":["GET"]}}],"collection":[{"href":"https:\/\/kiddies.lu\/pt\/wp-json\/wp\/v2\/pages"}],"about":[{"href":"https:\/\/kiddies.lu\/pt\/wp-json\/wp\/v2\/types\/page"}],"author":[{"embeddable":true,"href":"https:\/\/kiddies.lu\/pt\/wp-json\/wp\/v2\/users\/3"}],"replies":[{"embeddable":true,"href":"https:\/\/kiddies.lu\/pt\/wp-json\/wp\/v2\/comments?post=56"}],"version-history":[{"count":174,"href":"https:\/\/kiddies.lu\/pt\/wp-json\/wp\/v2\/pages\/56\/revisions"}],"predecessor-version":[{"id":6345,"href":"https:\/\/kiddies.lu\/pt\/wp-json\/wp\/v2\/pages\/56\/revisions\/6345"}],"up":[{"embeddable":true,"href":"https:\/\/kiddies.lu\/pt\/wp-json\/wp\/v2\/pages\/8"}],"wp:attachment":[{"href":"https:\/\/kiddies.lu\/pt\/wp-json\/wp\/v2\/media?parent=56"}],"curies":[{"name":"wp","href":"https:\/\/api.w.org\/{rel}","templated":true}]}}